{"id":14,"date":"2014-03-25T19:52:54","date_gmt":"2014-03-25T19:52:54","guid":{"rendered":"http:\/\/frankenhammer.de\/?page_id=14"},"modified":"2024-06-12T20:15:53","modified_gmt":"2024-06-12T20:15:53","slug":"die-mitmachschmiede-frankenhammer","status":"publish","type":"page","link":"https:\/\/frankenhammer.de\/?page_id=14","title":{"rendered":"Die Mitmachschmiede Frankenhammer"},"content":{"rendered":"\n<figure class=\"wp-block-gallery has-nested-images columns-default is-cropped wp-block-gallery-1 is-layout-flex wp-block-gallery-is-layout-flex\">\n<figure class=\"wp-block-image size-large\"><a href=\"https:\/\/frankenhammer.de\/wp-content\/uploads\/2023\/03\/IMG-20230305-WA0021.jpg\"><img loading=\"lazy\" decoding=\"async\" width=\"1024\" height=\"768\" data-id=\"146\" src=\"https:\/\/frankenhammer.de\/wp-content\/uploads\/2023\/03\/IMG-20230305-WA0021-1024x768.jpg\" alt=\"\" class=\"wp-image-146\" srcset=\"https:\/\/frankenhammer.de\/wp-content\/uploads\/2023\/03\/IMG-20230305-WA0021-1024x768.jpg 1024w, https:\/\/frankenhammer.de\/wp-content\/uploads\/2023\/03\/IMG-20230305-WA0021-300x225.jpg 300w, https:\/\/frankenhammer.de\/wp-content\/uploads\/2023\/03\/IMG-20230305-WA0021-768x576.jpg 768w, https:\/\/frankenhammer.de\/wp-content\/uploads\/2023\/03\/IMG-20230305-WA0021-1536x1152.jpg 1536w, https:\/\/frankenhammer.de\/wp-content\/uploads\/2023\/03\/IMG-20230305-WA0021.jpg 2016w\" sizes=\"auto, (max-width: 1024px) 100vw, 1024px\" \/><\/a><\/figure>\n\n\n\n<figure class=\"wp-block-image size-large\"><a href=\"https:\/\/frankenhammer.de\/wp-content\/uploads\/2023\/03\/IMG-20230305-WA0019.jpg\"><img loading=\"lazy\" decoding=\"async\" width=\"1024\" height=\"576\" data-id=\"144\" src=\"https:\/\/frankenhammer.de\/wp-content\/uploads\/2023\/03\/IMG-20230305-WA0019-1024x576.jpg\" alt=\"\" class=\"wp-image-144\" srcset=\"https:\/\/frankenhammer.de\/wp-content\/uploads\/2023\/03\/IMG-20230305-WA0019-1024x576.jpg 1024w, https:\/\/frankenhammer.de\/wp-content\/uploads\/2023\/03\/IMG-20230305-WA0019-300x169.jpg 300w, https:\/\/frankenhammer.de\/wp-content\/uploads\/2023\/03\/IMG-20230305-WA0019-768x432.jpg 768w, https:\/\/frankenhammer.de\/wp-content\/uploads\/2023\/03\/IMG-20230305-WA0019-1536x864.jpg 1536w, https:\/\/frankenhammer.de\/wp-content\/uploads\/2023\/03\/IMG-20230305-WA0019.jpg 2048w\" sizes=\"auto, (max-width: 1024px) 100vw, 1024px\" \/><\/a><\/figure>\n<\/figure>\n\n\n<p dir=\"LTR\" style=\"text-align: left;\" align=\"CENTER\"><strong>wir bieten:<\/strong><\/p>\n<ul dir=\"ltr\">\n<li style=\"list-style-type: none;\">\n<ul dir=\"ltr\">\n<li>\n<div style=\"text-align: left;\" align=\"LEFT\"><strong>Vorstellung mittelalterlichen Schmiedehandwerks<\/strong><\/div>\n<\/li>\n<\/ul>\n<\/li>\n<li style=\"list-style-type: none;\">\n<ul dir=\"ltr\">\n<li style=\"text-align: left;\">\n<p dir=\"LTR\" align=\"LEFT\"><strong>Mittmachschmiede f\u00fcr Menschen von 8 bis 108<\/strong><\/p>\n<\/li>\n<li style=\"text-align: left;\">\n<p dir=\"LTR\" align=\"LEFT\"><strong>mittelalterliches Lagerleben<\/strong><\/p>\n<\/li>\n<\/ul>\n<\/li>\n<\/ul>\n<p dir=\"LTR\" style=\"text-align: left;\" align=\"LEFT\"><strong>Unsere Schmiede<\/strong><\/p>\n<p style=\"text-align: left;\"><strong>besteht aus einer gro\u00dfen Esse mit offenem Steinkohlefeuer welches durch einen alten, 2,50m langen handbetriebenen Blasebalg entfacht wird. Auf zwei bis drei unterschiedlichen Ambossen wird der gl\u00fchende Stahl mit Hilfe von Schmiedewerkzeug bearbeitet. Besonders beeindruckend ist es, wenn zwei oder drei Schmiede gleichzeitig an einem Werkst\u00fcck arbeiten. Geschmiedet wird alles was (uns) m\u00f6glich ist. Ob Gegenst\u00e4nde f\u00fcr den t\u00e4glichen Gebrauch im Lager, wie Grillspie\u00dfe, Zeltheringe oder Laternenhalter bis hin zu speziellen Kundenw\u00fcnschen, wie z.B. Anh\u00e4nger oder auch Schmuck.<\/strong><\/p>","protected":false},"excerpt":{"rendered":"<p>wir bieten: Vorstellung mittelalterlichen Schmiedehandwerks Mittmachschmiede f\u00fcr Menschen von 8 bis 108 mittelalterliches Lagerleben Unsere Schmiede besteht aus einer gro\u00dfen Esse mit offenem Steinkohlefeuer welches durch einen alten, 2,50m langen handbetriebenen Blasebalg entfacht wird. Auf zwei bis drei unterschiedlichen Ambossen <a class=\"more-link\" href=\"https:\/\/frankenhammer.de\/?page_id=14\">weiterlesen&#8230;<\/a><\/p>\n","protected":false},"author":1,"featured_media":115,"parent":0,"menu_order":2,"comment_status":"closed","ping_status":"closed","template":"","meta":{"footnotes":""},"class_list":["post-14","page","type-page","status-publish","has-post-thumbnail","hentry"],"_links":{"self":[{"href":"https:\/\/frankenhammer.de\/index.php?rest_route=\/wp\/v2\/pages\/14","targetHints":{"allow":["GET"]}}],"collection":[{"href":"https:\/\/frankenhammer.de\/index.php?rest_route=\/wp\/v2\/pages"}],"about":[{"href":"https:\/\/frankenhammer.de\/index.php?rest_route=\/wp\/v2\/types\/page"}],"author":[{"embeddable":true,"href":"https:\/\/frankenhammer.de\/index.php?rest_route=\/wp\/v2\/users\/1"}],"replies":[{"embeddable":true,"href":"https:\/\/frankenhammer.de\/index.php?rest_route=%2Fwp%2Fv2%2Fcomments&post=14"}],"version-history":[{"count":15,"href":"https:\/\/frankenhammer.de\/index.php?rest_route=\/wp\/v2\/pages\/14\/revisions"}],"predecessor-version":[{"id":435,"href":"https:\/\/frankenhammer.de\/index.php?rest_route=\/wp\/v2\/pages\/14\/revisions\/435"}],"wp:featuredmedia":[{"embeddable":true,"href":"https:\/\/frankenhammer.de\/index.php?rest_route=\/wp\/v2\/media\/115"}],"wp:attachment":[{"href":"https:\/\/frankenhammer.de\/index.php?rest_route=%2Fwp%2Fv2%2Fmedia&parent=14"}],"curies":[{"name":"wp","href":"https:\/\/api.w.org\/{rel}","templated":true}]}}