{"id":24,"date":"2014-03-25T20:53:46","date_gmt":"2014-03-25T20:53:46","guid":{"rendered":"http:\/\/frankenhammer.de\/?page_id=24"},"modified":"2024-01-17T20:27:53","modified_gmt":"2024-01-17T20:27:53","slug":"faszination-schmieden-2","status":"publish","type":"page","link":"https:\/\/frankenhammer.de\/","title":{"rendered":"Faszination Schmieden"},"content":{"rendered":"<p style=\"text-align: left;\" align=\"LEFT\"><strong><span style=\"font-family: Arial Black, sans-serif;\">Der Rauch des Feuers, das Singen des Amboss, die hellgelbe Glut des Eisens, das unter den gezielten und schnellen Schl\u00e4gen des Hammers seine Form erh\u00e4lt.<\/span><\/strong><\/p>\n<p style=\"text-align: left;\" align=\"LEFT\"><strong><span style=\"font-family: Arial Black, sans-serif;\">All das und viel mehr macht die archaische Faszination dieses uralten Handwerks aus, auf das sich alle moderne Technik zur\u00fcckf\u00fchren lassen. Gerade in der Zeit von Computern, Internet, und Smartphones ist der urt\u00fcmlich, anmutende Umgang mit Feuer und Eisen ein echter Kontrast und eine Bereicherung der pers\u00f6nlichen Erfahrungswelt. Der Schmied kann mit Fug und Recht als der wichtigste Handwerker vom Altertum bis in die fr\u00fche Neuzeit bezeichnet bezeichnet werden. Was w\u00e4re der Zimmermann ohne das gute Beil, die S\u00e4ge oder den Stechbeitel aus Stahl? Was der Metzger ohne scharfe Messer? Der Schuster w\u00fcrde sich ohne die Schustermesser und die Ahle schwertun.<\/span><\/strong><\/p>\n<p style=\"text-align: left;\" align=\"LEFT\"><strong><span style=\"font-family: Arial Black, sans-serif;\">Wir, die Mitmachschmiede Frankenhammer versuchen diese Aspekte dem Publikum nahe zu bringen und durch unser Mitmachangebot erlebbar zu machen.<\/span><\/strong><\/p>\n<p style=\"text-align: center;\">\n","protected":false},"excerpt":{"rendered":"<p>Der Rauch des Feuers, das Singen des Amboss, die hellgelbe Glut des Eisens, das unter den gezielten und schnellen Schl\u00e4gen des Hammers seine Form erh\u00e4lt. All das und viel mehr macht die archaische Faszination dieses uralten Handwerks aus, auf das <a class=\"more-link\" href=\"https:\/\/frankenhammer.de\/\">weiterlesen&#8230;<\/a><\/p>\n","protected":false},"author":1,"featured_media":0,"parent":0,"menu_order":1,"comment_status":"closed","ping_status":"closed","template":"","meta":{"footnotes":""},"class_list":["post-24","page","type-page","status-publish","hentry"],"_links":{"self":[{"href":"https:\/\/frankenhammer.de\/index.php?rest_route=\/wp\/v2\/pages\/24","targetHints":{"allow":["GET"]}}],"collection":[{"href":"https:\/\/frankenhammer.de\/index.php?rest_route=\/wp\/v2\/pages"}],"about":[{"href":"https:\/\/frankenhammer.de\/index.php?rest_route=\/wp\/v2\/types\/page"}],"author":[{"embeddable":true,"href":"https:\/\/frankenhammer.de\/index.php?rest_route=\/wp\/v2\/users\/1"}],"replies":[{"embeddable":true,"href":"https:\/\/frankenhammer.de\/index.php?rest_route=%2Fwp%2Fv2%2Fcomments&post=24"}],"version-history":[{"count":6,"href":"https:\/\/frankenhammer.de\/index.php?rest_route=\/wp\/v2\/pages\/24\/revisions"}],"predecessor-version":[{"id":340,"href":"https:\/\/frankenhammer.de\/index.php?rest_route=\/wp\/v2\/pages\/24\/revisions\/340"}],"wp:attachment":[{"href":"https:\/\/frankenhammer.de\/index.php?rest_route=%2Fwp%2Fv2%2Fmedia&parent=24"}],"curies":[{"name":"wp","href":"https:\/\/api.w.org\/{rel}","templated":true}]}}